{"id":2,"date":"2024-11-09T16:50:09","date_gmt":"2024-11-09T15:50:09","guid":{"rendered":"http:\/\/transcheck.cl\/?page_id=2"},"modified":"2024-11-26T00:04:36","modified_gmt":"2024-11-25T23:04:36","slug":"pagina-ejemplo-2","status":"publish","type":"page","link":"https:\/\/transcheck.cl\/index.php\/pagina-ejemplo-2\/","title":{"rendered":""},"content":{"rendered":"\t\t<div data-elementor-type=\"wp-page\" data-elementor-id=\"2\" class=\"elementor elementor-2\">\n\t\t\t\t<div class=\"elementor-element elementor-element-4d8bc10d e-con-full e-flex e-con e-parent\" data-id=\"4d8bc10d\" data-element_type=\"container\" data-settings=\"{&quot;background_background&quot;:&quot;classic&quot;}\">\n\t\t\t\t<div class=\"elementor-element elementor-element-073b3c2 elementor-invisible elementor-widget elementor-widget-elementskit-heading\" data-id=\"073b3c2\" data-element_type=\"widget\" data-settings=\"{&quot;_animation&quot;:&quot;fadeInDown&quot;}\" data-widget_type=\"elementskit-heading.default\">\n\t\t\t\t<div class=\"elementor-widget-container\">\n\t\t\t\t\t<div class=\"ekit-wid-con\" ><div class=\"ekit-heading elementskit-section-title-wraper text_center   ekit_heading_tablet-   ekit_heading_mobile-\"><h1 class=\"ekit-heading--title elementskit-section-title \">SERVICIO DE TRANSPORTE <\/h1><div class=\"ekit_heading_separetor_wraper ekit_heading_elementskit-border-divider\"><div class=\"elementskit-border-divider\"><\/div><\/div><\/div><\/div>\t\t\t\t<\/div>\n\t\t\t\t<\/div>\n\t\t\t\t<\/div>\n\t\t<div class=\"elementor-element elementor-element-598151a e-grid e-con-boxed e-con e-parent\" data-id=\"598151a\" data-element_type=\"container\" data-settings=\"{&quot;background_background&quot;:&quot;classic&quot;}\">\n\t\t\t\t\t<div class=\"e-con-inner\">\n\t\t<div class=\"elementor-element elementor-element-eea499d e-con-full e-flex e-con e-child\" data-id=\"eea499d\" data-element_type=\"container\">\n\t\t\t\t<div class=\"elementor-element elementor-element-4d34cb9 ekit-equal-height-disable elementor-widget elementor-widget-elementskit-icon-box\" data-id=\"4d34cb9\" data-element_type=\"widget\" data-widget_type=\"elementskit-icon-box.default\">\n\t\t\t\t<div class=\"elementor-widget-container\">\n\t\t\t\t\t<div class=\"ekit-wid-con\" >        <!-- link opening -->\n                <a href=\"#\" class=\"ekit_global_links\">\n                <!-- end link opening -->\n\n        <div class=\"elementskit-infobox text-center text- icon-top-align elementor-animation-grow   \">\n                            <div class=\"elementskit-box-header\">\n                <div class=\"elementskit-info-box-icon \">\n                    <img fetchpriority=\"high\" decoding=\"async\" width=\"300\" height=\"300\" src=\"http:\/\/transcheck.cl\/wp-content\/uploads\/2024\/11\/8.png\" class=\"attachment- size-\" alt=\"\" srcset=\"http:\/\/transcheck.cl\/wp-content\/uploads\/2024\/11\/8.png 300w, http:\/\/transcheck.cl\/wp-content\/uploads\/2024\/11\/8-150x150.png 150w\" sizes=\"(max-width: 300px) 100vw, 300px\" \/>                <\/div>\n          <\/div>\n                <div class=\"box-body\">\n                            <h3 class=\"elementskit-info-box-title\">\n                    Traslado pacientes de Di\u00e1lisis                 <\/h3>\n                        \t\t  \t<p>Traslado de pacientes que requieren terapias de di\u00e1lisis hacia y desde hospitales, cl\u00ednicas y centros especializados de manera segura y c\u00f3moda<\/p>\n                                <\/div>\n        \n        \n                <\/div>\n                <\/a>\n        <\/div>\t\t\t\t<\/div>\n\t\t\t\t<\/div>\n\t\t<div class=\"elementor-element elementor-element-3a7bc40 e-con-full e-flex e-con e-child\" data-id=\"3a7bc40\" data-element_type=\"container\">\n\t\t\t\t<div class=\"elementor-element elementor-element-ccc8a86 elementor-align-center elementor-widget elementor-widget-elementskit-button\" data-id=\"ccc8a86\" data-element_type=\"widget\" data-widget_type=\"elementskit-button.default\">\n\t\t\t\t<div class=\"elementor-widget-container\">\n\t\t\t\t\t<div class=\"ekit-wid-con\" >\t\t<div class=\"ekit-btn-wraper\">\n\t\t\t\t\t\t\t<a href=\"https:\/\/wa.me\/56964194942\/?text=Hola%20quiero%20consultar%20por%20un%20servicio\" class=\"elementskit-btn  whitespace--normal\" id=\"\">\n\t\t\t\t\tCotizar\t\t\t\t<\/a>\n\t\t\t\t\t<\/div>\n        <\/div>\t\t\t\t<\/div>\n\t\t\t\t<\/div>\n\t\t\t\t<\/div>\n\t\t\t\t<\/div>\n\t\t<div class=\"elementor-element elementor-element-981b8f1 e-con-full e-flex e-con e-child\" data-id=\"981b8f1\" data-element_type=\"container\">\n\t\t\t\t<div class=\"elementor-element elementor-element-46de57b ekit-equal-height-enable elementor-widget elementor-widget-elementskit-icon-box\" data-id=\"46de57b\" data-element_type=\"widget\" data-widget_type=\"elementskit-icon-box.default\">\n\t\t\t\t<div class=\"elementor-widget-container\">\n\t\t\t\t\t<div class=\"ekit-wid-con\" >        <!-- link opening -->\n                <a href=\"#\" class=\"ekit_global_links\">\n                <!-- end link opening -->\n\n        <div class=\"elementskit-infobox text-center text- icon-top-align elementor-animation-grow   \">\n                            <div class=\"elementskit-box-header\">\n                <div class=\"elementskit-info-box-icon \">\n                    <img decoding=\"async\" width=\"300\" height=\"300\" src=\"http:\/\/transcheck.cl\/wp-content\/uploads\/2024\/11\/1-6.png\" class=\"attachment- size-\" alt=\"\" srcset=\"http:\/\/transcheck.cl\/wp-content\/uploads\/2024\/11\/1-6.png 300w, http:\/\/transcheck.cl\/wp-content\/uploads\/2024\/11\/1-6-150x150.png 150w\" sizes=\"(max-width: 300px) 100vw, 300px\" \/>                <\/div>\n          <\/div>\n                <div class=\"box-body\">\n                            <h3 class=\"elementskit-info-box-title\">\n                    Transporte de carga                <\/h3>\n                        \t\t  \t<p>Traslado de distintos recursos que soliciten nuestros clientes <\/p>\n                                <\/div>\n        \n        \n                <\/div>\n                <\/a>\n        <\/div>\t\t\t\t<\/div>\n\t\t\t\t<\/div>\n\t\t<div class=\"elementor-element elementor-element-badbd7b e-con-full e-flex e-con e-child\" data-id=\"badbd7b\" data-element_type=\"container\">\n\t\t\t\t<div class=\"elementor-element elementor-element-4636828 elementor-align-center elementor-widget elementor-widget-elementskit-button\" data-id=\"4636828\" data-element_type=\"widget\" data-widget_type=\"elementskit-button.default\">\n\t\t\t\t<div class=\"elementor-widget-container\">\n\t\t\t\t\t<div class=\"ekit-wid-con\" >\t\t<div class=\"ekit-btn-wraper\">\n\t\t\t\t\t\t\t<a href=\"https:\/\/wa.me\/56964194942\/?text=Hola%20quiero%20consultar%20por%20un%20servicio\" class=\"elementskit-btn  whitespace--normal\" id=\"\">\n\t\t\t\t\tCotizar\t\t\t\t<\/a>\n\t\t\t\t\t<\/div>\n        <\/div>\t\t\t\t<\/div>\n\t\t\t\t<\/div>\n\t\t\t\t<\/div>\n\t\t\t\t<\/div>\n\t\t\t\t\t<\/div>\n\t\t\t\t<\/div>\n\t\t\t\t<\/div>\n\t\t","protected":false},"excerpt":{"rendered":"<p>SERVICIO DE TRANSPORTE Traslado pacientes de Di\u00e1lisis Traslado de pacientes que requieren terapias de di\u00e1lisis hacia y desde hospitales, cl\u00ednicas y centros especializados de manera segura y c\u00f3moda Cotizar Transporte de carga Traslado de distintos recursos que soliciten nuestros clientes Cotizar<\/p>\n","protected":false},"author":1,"featured_media":0,"parent":0,"menu_order":0,"comment_status":"closed","ping_status":"open","template":"","meta":{"footnotes":""},"class_list":["post-2","page","type-page","status-publish","hentry"],"_links":{"self":[{"href":"https:\/\/transcheck.cl\/index.php\/wp-json\/wp\/v2\/pages\/2","targetHints":{"allow":["GET"]}}],"collection":[{"href":"https:\/\/transcheck.cl\/index.php\/wp-json\/wp\/v2\/pages"}],"about":[{"href":"https:\/\/transcheck.cl\/index.php\/wp-json\/wp\/v2\/types\/page"}],"author":[{"embeddable":true,"href":"https:\/\/transcheck.cl\/index.php\/wp-json\/wp\/v2\/users\/1"}],"replies":[{"embeddable":true,"href":"https:\/\/transcheck.cl\/index.php\/wp-json\/wp\/v2\/comments?post=2"}],"version-history":[{"count":22,"href":"https:\/\/transcheck.cl\/index.php\/wp-json\/wp\/v2\/pages\/2\/revisions"}],"predecessor-version":[{"id":588,"href":"https:\/\/transcheck.cl\/index.php\/wp-json\/wp\/v2\/pages\/2\/revisions\/588"}],"wp:attachment":[{"href":"https:\/\/transcheck.cl\/index.php\/wp-json\/wp\/v2\/media?parent=2"}],"curies":[{"name":"wp","href":"https:\/\/api.w.org\/{rel}","templated":true}]}}